{"id":1288,"date":"2024-03-18T19:39:28","date_gmt":"2024-03-18T19:39:28","guid":{"rendered":"https:\/\/josemanuelmaestrofuentes.com\/politica-de-privacidade\/"},"modified":"2024-03-21T18:24:39","modified_gmt":"2024-03-21T18:24:39","slug":"politica-de-privacidade","status":"publish","type":"page","link":"https:\/\/josemanuelmaestrofuentes.com\/gl\/politica-de-privacidade\/","title":{"rendered":"Pol\u00edtica de Privacidade"},"content":{"rendered":"\n<p><strong class=\"privacy-policy-tutorial\">Data da \u00faltima revisi\u00f3n:<\/strong> 21\/03\/2024<\/p>\n\n<p><strong>Pol\u00edtica de Privacidade<\/strong><\/p>\n\n<p>Na OATM (Master Technical Architecture Office), tomamos moi en serio a privacidade dos nosos usuarios. Esta pol\u00edtica de privacidade describe como recompilamos, usamos e protexemos a informaci\u00f3n persoal que nos proporcionas a trav\u00e9s do noso sitio web.<\/p>\n\n<p><strong>Recollida de informaci\u00f3n persoal<\/strong><\/p>\n\n<p>Podemos recoller informaci\u00f3n persoal como o teu nome, enderezo de correo electr\u00f3nico, n\u00famero de tel\u00e9fono e enderezo postal cando interact\u00faas co noso sitio web. Esta informaci\u00f3n rec\u00f3llese voluntariamente cando enche formularios de contacto ou env\u00edanos un correo electr\u00f3nico directamente.<\/p>\n\n<p><strong>Uso da informaci\u00f3n persoal<\/strong><\/p>\n\n<p>A informaci\u00f3n persoal que recompilamos util\u00edzase para responder \u00e1s s\u00faas consultas, proporcionar os servizos que solicita e mellorar a experiencia do usuario no noso sitio web. Non compartiremos a s\u00faa informaci\u00f3n persoal con terceiros sen o seu consentimento, salvo que sexa necesario para cumprir coa lei ou protexer os nosos dereitos.<\/p>\n\n<p><strong>Seguridade da informaci\u00f3n persoal<\/strong><\/p>\n\n<p>Compromet\u00e9monos a protexer a seguridade da s\u00faa informaci\u00f3n persoal. Utilizamos medidas de seguridade t\u00e9cnicas e organizativas para protexer os seus datos contra o acceso non autorizado, a perda, a alteraci\u00f3n ou a divulgaci\u00f3n.<\/p>\n\n<p><strong>cookies<\/strong><\/p>\n\n<p>O noso sitio web pode usar cookies para mellorar a experiencia do usuario. Podes configurar o teu navegador para que che avise cando se env\u00edan cookies ou para que as rexeite por completo. Non obstante, te\u00f1a en conta que algunhas partes do noso sitio web poden non funcionar correctamente se desactivas as cookies. Podes visitar a nosa <a href=\"https:\/\/josemanuelmaestrofuentes.com\/gl\/politica-de-cookies-ue\/\">Pol\u00edtica de cookies<\/a> .<\/p>\n\n<p><strong>Cambios na Pol\u00edtica de Privacidade<\/strong><\/p>\n\n<p>Reserv\u00e1monos o dereito de actualizar ou modificar esta pol\u00edtica de privacidade en calquera momento. Recomendamos que revise esta p\u00e1xina periodicamente para estar ao tanto de calquera cambio. O teu uso continuado do noso sitio web despois da publicaci\u00f3n de calquera cambio nesta pol\u00edtica considerarase que aceptas eses cambios.<\/p>\n\n<p><strong>Contacto<\/strong><\/p>\n\n<p>Se tes algunha d\u00fabida sobre esta pol\u00edtica de privacidade ou sobre o tratamento dos teus datos persoais, non dubides en po\u00f1erte en contacto connosco a trav\u00e9s da informaci\u00f3n de contacto facilitada na nosa web.<\/p>\n","protected":false},"excerpt":{"rendered":"<p>Data da \u00faltima revisi\u00f3n: 21\/03\/2024 Pol\u00edtica de Privacidade Na OATM (Master Technical Architecture Office), tomamos moi en serio a privacidade dos nosos usuarios. Esta pol\u00edtica de privacidade describe como recompilamos, usamos e protexemos a informaci\u00f3n persoal que nos proporcionas a trav\u00e9s do noso sitio web. Recollida de informaci\u00f3n persoal Podemos recoller informaci\u00f3n persoal como o&#8230;<\/p>\n","protected":false},"author":1,"featured_media":0,"parent":0,"menu_order":0,"comment_status":"closed","ping_status":"closed","template":"","meta":{"_kad_blocks_custom_css":"","_kad_blocks_head_custom_js":"","_kad_blocks_body_custom_js":"","_kad_blocks_footer_custom_js":"","_kadence_starter_templates_imported_post":false,"_kad_post_transparent":"","_kad_post_title":"","_kad_post_layout":"","_kad_post_sidebar_id":"","_kad_post_content_style":"","_kad_post_vertical_padding":"","_kad_post_feature":"","_kad_post_feature_position":"","_kad_post_header":false,"_kad_post_footer":false,"footnotes":""},"class_list":["post-1288","page","type-page","status-publish","hentry"],"taxonomy_info":[],"featured_image_src_large":false,"author_info":{"display_name":"josemanuel","author_link":"https:\/\/josemanuelmaestrofuentes.com\/gl\/author\/josemanuel\/"},"comment_info":0,"_links":{"self":[{"href":"https:\/\/josemanuelmaestrofuentes.com\/gl\/wp-json\/wp\/v2\/pages\/1288","targetHints":{"allow":["GET"]}}],"collection":[{"href":"https:\/\/josemanuelmaestrofuentes.com\/gl\/wp-json\/wp\/v2\/pages"}],"about":[{"href":"https:\/\/josemanuelmaestrofuentes.com\/gl\/wp-json\/wp\/v2\/types\/page"}],"author":[{"embeddable":true,"href":"https:\/\/josemanuelmaestrofuentes.com\/gl\/wp-json\/wp\/v2\/users\/1"}],"replies":[{"embeddable":true,"href":"https:\/\/josemanuelmaestrofuentes.com\/gl\/wp-json\/wp\/v2\/comments?post=1288"}],"version-history":[{"count":3,"href":"https:\/\/josemanuelmaestrofuentes.com\/gl\/wp-json\/wp\/v2\/pages\/1288\/revisions"}],"predecessor-version":[{"id":1303,"href":"https:\/\/josemanuelmaestrofuentes.com\/gl\/wp-json\/wp\/v2\/pages\/1288\/revisions\/1303"}],"wp:attachment":[{"href":"https:\/\/josemanuelmaestrofuentes.com\/gl\/wp-json\/wp\/v2\/media?parent=1288"}],"curies":[{"name":"wp","href":"https:\/\/api.w.org\/{rel}","templated":true}]}}